{"id":1491,"date":"2020-11-02T14:25:53","date_gmt":"2020-11-02T13:25:53","guid":{"rendered":"https:\/\/mariejeanneofficiel.com\/?page_id=1491"},"modified":"2025-03-17T14:38:26","modified_gmt":"2025-03-17T13:38:26","slug":"legal-notice","status":"publish","type":"page","link":"https:\/\/mariejeanneofficiel.com\/en\/legal-notice\/","title":{"rendered":"Legal Notice"},"content":{"rendered":"\t\t<div data-elementor-type=\"wp-page\" data-elementor-id=\"1491\" class=\"elementor elementor-1491\" data-elementor-post-type=\"page\">\n\t\t\t\t\t\t<section class=\"has_eae_slider elementor-section elementor-top-section elementor-element elementor-element-1dd5d7b elementor-section-full_width elementor-section-height-default elementor-section-height-default elementor-invisible\" data-id=\"1dd5d7b\" data-element_type=\"section\" data-e-type=\"section\" data-settings=\"{&quot;background_background&quot;:&quot;classic&quot;,&quot;animation&quot;:&quot;fadeIn&quot;}\">\n\t\t\t\t\t\t<div class=\"elementor-container elementor-column-gap-default\">\n\t\t\t\t\t<div class=\"has_eae_slider elementor-column elementor-col-100 elementor-top-column elementor-element elementor-element-702c3cd\" data-id=\"702c3cd\" data-element_type=\"column\" data-e-type=\"column\">\n\t\t\t<div class=\"elementor-widget-wrap elementor-element-populated\">\n\t\t\t\t\t\t<div class=\"elementor-element elementor-element-4b15566 elementor-widget elementor-widget-spacer\" data-id=\"4b15566\" data-element_type=\"widget\" data-e-type=\"widget\" data-widget_type=\"spacer.default\">\n\t\t\t\t<div class=\"elementor-widget-container\">\n\t\t\t\t\t\t\t<div class=\"elementor-spacer\">\n\t\t\t<div class=\"elementor-spacer-inner\"><\/div>\n\t\t<\/div>\n\t\t\t\t\t\t<\/div>\n\t\t\t\t<\/div>\n\t\t\t\t<div class=\"elementor-element elementor-element-00341bc elementor-widget elementor-widget-spacer\" data-id=\"00341bc\" data-element_type=\"widget\" data-e-type=\"widget\" data-widget_type=\"spacer.default\">\n\t\t\t\t<div class=\"elementor-widget-container\">\n\t\t\t\t\t\t\t<div class=\"elementor-spacer\">\n\t\t\t<div class=\"elementor-spacer-inner\"><\/div>\n\t\t<\/div>\n\t\t\t\t\t\t<\/div>\n\t\t\t\t<\/div>\n\t\t\t\t\t<\/div>\n\t\t<\/div>\n\t\t\t\t\t<\/div>\n\t\t<\/section>\n\t\t\t\t<section class=\"has_eae_slider elementor-section elementor-top-section elementor-element elementor-element-a279d06 elementor-section-boxed elementor-section-height-default elementor-section-height-default elementor-invisible\" data-id=\"a279d06\" data-element_type=\"section\" data-e-type=\"section\" data-settings=\"{&quot;animation&quot;:&quot;fadeInDown&quot;}\">\n\t\t\t\t\t\t<div class=\"elementor-container elementor-column-gap-default\">\n\t\t\t\t\t<div class=\"has_eae_slider elementor-column elementor-col-100 elementor-top-column elementor-element elementor-element-8be3fc6\" data-id=\"8be3fc6\" data-element_type=\"column\" data-e-type=\"column\">\n\t\t\t<div class=\"elementor-widget-wrap elementor-element-populated\">\n\t\t\t\t\t\t<div class=\"elementor-element elementor-element-9348ef1 elementor-widget elementor-widget-spacer\" data-id=\"9348ef1\" data-element_type=\"widget\" data-e-type=\"widget\" data-widget_type=\"spacer.default\">\n\t\t\t\t<div class=\"elementor-widget-container\">\n\t\t\t\t\t\t\t<div class=\"elementor-spacer\">\n\t\t\t<div class=\"elementor-spacer-inner\"><\/div>\n\t\t<\/div>\n\t\t\t\t\t\t<\/div>\n\t\t\t\t<\/div>\n\t\t\t\t<div class=\"elementor-element elementor-element-d4797e6 elementor-invisible elementor-widget elementor-widget-breadcrumbs\" data-id=\"d4797e6\" data-element_type=\"widget\" data-e-type=\"widget\" data-settings=\"{&quot;_animation&quot;:&quot;fadeIn&quot;}\" data-widget_type=\"breadcrumbs.default\">\n\t\t\t\t<div class=\"elementor-widget-container\">\n\t\t\t\t\t<p id=\"breadcrumbs\"><span><span><a href=\"https:\/\/mariejeanneofficiel.com\/en\/\">Accueil<\/a><\/span><\/span><\/p>\t\t\t\t<\/div>\n\t\t\t\t<\/div>\n\t\t\t\t<div class=\"elementor-element elementor-element-1afa664 elementor-widget elementor-widget-spacer\" data-id=\"1afa664\" data-element_type=\"widget\" data-e-type=\"widget\" data-widget_type=\"spacer.default\">\n\t\t\t\t<div class=\"elementor-widget-container\">\n\t\t\t\t\t\t\t<div class=\"elementor-spacer\">\n\t\t\t<div class=\"elementor-spacer-inner\"><\/div>\n\t\t<\/div>\n\t\t\t\t\t\t<\/div>\n\t\t\t\t<\/div>\n\t\t\t\t<div class=\"elementor-element elementor-element-c9ecd0e elementor-widget elementor-widget-heading\" data-id=\"c9ecd0e\" data-element_type=\"widget\" data-e-type=\"widget\" data-widget_type=\"heading.default\">\n\t\t\t\t<div class=\"elementor-widget-container\">\n\t\t\t\t\t<h1 class=\"elementor-heading-title elementor-size-default\">Legal Notice<\/h1>\t\t\t\t<\/div>\n\t\t\t\t<\/div>\n\t\t\t\t<div class=\"elementor-element elementor-element-ff333c5 elementor-widget-divider--view-line elementor-widget elementor-widget-divider\" data-id=\"ff333c5\" data-element_type=\"widget\" data-e-type=\"widget\" data-widget_type=\"divider.default\">\n\t\t\t\t<div class=\"elementor-widget-container\">\n\t\t\t\t\t\t\t<div class=\"elementor-divider\">\n\t\t\t<span class=\"elementor-divider-separator\">\n\t\t\t\t\t\t<\/span>\n\t\t<\/div>\n\t\t\t\t\t\t<\/div>\n\t\t\t\t<\/div>\n\t\t\t\t<div class=\"elementor-element elementor-element-33d27f5 elementor-widget elementor-widget-text-editor\" data-id=\"33d27f5\" data-element_type=\"widget\" data-e-type=\"widget\" data-widget_type=\"text-editor.default\">\n\t\t\t\t<div class=\"elementor-widget-container\">\n\t\t\t\t\t\t\t\t\t<div><p>Please read carefully the various terms and conditions of use of this site before browsing its pages. By logging on to this site, you accept these terms and conditions without reservation. Also, in accordance with article n\u00b06 of Law n\u00b02004-575 of 21 June 2004 for confidence in the digital economy, the persons in charge of this website\u00a0Merci de lire avec attention les diff\u00e9rentes modalit\u00e9s d\u2019utilisation du pr\u00e9sent site avant d\u2019y parcourir ses pages. En vous connectant sur ce site, vous acceptez sans r\u00e9serves les pr\u00e9sentes modalit\u00e9s. Aussi, conform\u00e9ment \u00e0 l\u2019article n\u00b06 de la Loi n\u00b02004-575 du 21 Juin 2004 pour la confiance dans l\u2019\u00e9conomie num\u00e9rique, les responsables du pr\u00e9sent site internet <a href=\"https:\/\/www.mariejeanneofficiel.com\">www.mariejeanneofficiel.com<\/a>\u00a0are :<\/p><h2><b>Website publisher: :<\/b><\/h2><p>Marion Ventre \u2013 SIRET :<\/p><p><strong>Editorial manager:<\/strong> Marion Ventre<\/p><p>rue du bosquet, 34980 St Cl\u00e9ment de Rivi\u00e8re<\/p><p><strong>T\u00e9l\u00e9phone :<\/strong> 06 76 43 27 85<\/p><p><strong>Email :<\/strong>\u00a0contact@mariejeanneofficiel.com<\/p><p><strong>Website:<\/strong> <a href=\"https:\/\/www.mariejeanneofficiel.com\">www.mariejeanneofficiel.com<\/a><\/p><h2><b>Hosting :<\/b><\/h2><\/div><div><p><strong>Hosting :<\/strong> OVH<br \/>2 rue Kellermann 59100 ROUBAIX<br \/><strong>Website :<\/strong>\u00a0<a href=\"http:\/\/ovh.com\" target=\"_blank\" rel=\"noopener\">www.ovh.com<\/a><\/p><h2><b>Development<\/b><b>\u00a0:<\/b><\/h2><p>Marie Reche<\/p><p><strong>Site Web : <\/strong><a href=\"https:\/\/www.marie-reche.fr\/\">www.marie-reche.fr<\/a><\/p><h2><strong>Terms and conditions of use :<\/strong><\/h2><p>This site (<a href=\"https:\/\/mariejeanneofficiel.com\/\">www.mariejeanneofficiel.com<\/a>) is offered in different web languages (HTML, HTML5, Javascript, CSS, etc&#8230;) for a better user comfort and a more pleasant graphic design, we recommend you to use modern browsers such as Internet explorer, Safari, Firefox, Google Chrome, etc&#8230;<\/p><p>Marie Jeanne Officiel implements all the means at its disposal to ensure reliable information and a reliable update of its website. However, errors or omissions may occur. The internet user should therefore check the accuracy of the information with Marie Jeanne Officiel, and report any changes to the site that he or she deems useful. Marie Jeanne Officiel\u00a0is in no way responsible for the use made of this information, nor for any direct or indirect prejudice that may result from it.<\/p><h3><b>Cookies<\/b>\u00a0:<\/h3><p>The website <a href=\"https:\/\/www.mariejeanneofficiel.com\">www.mariejeanneofficiel.com<\/a> may ask you to accept cookies for statistical and display purposes. A cookie is a piece of information deposited on your hard disk by the server of the site you are visiting. It contains several data which are stored on your computer in a simple text file which a server accesses to read and record information. Certain parts of this site cannot be functional without accepting cookies.<\/p><h3><b>Hypertext links :<\/b><\/h3><p><a href=\"https:\/\/www.mariejeanneofficiel.com\">www.mariejeanneofficiel.com <\/a>may offer links to other websites or other resources available on the Internet. Marie Jeanne Officiel has no means of controlling the sites linked to its websites. Marie Jeanne Officiel is not responsible for the availability of such external sites and sources, nor does it guarantee it. She cannot be held responsible for any damage, of any nature whatsoever, resulting from the content of these external sites or sources, and in particular the information, products or services they offer, or any use that may be made of these elements. The risks associated with such use are fully incumbent on the Internet user, who must comply with their conditions of use.<\/p><p>Marie Jeanne Officiel\u00a0reserves the right to accept or refuse a hyperlink to <a href=\"https:\/\/www.mariejeanneofficiel.com\">www.mariejeanneofficiel.com<\/a> without having to justify its decision.<\/p><h2><b>Services provided :<\/b><\/h2><p>All of the company&#8217;s activities and information are presented on our website<a href=\"https:\/\/www.mariejeanneofficiel.com\"> www.mariejeanneofficiel.com<\/a>.<\/p><p>Marie Jeanne Officiel endeavours to provide the most accurate information possible on the <a href=\"https:\/\/www.mariejeanneofficiel.com\">www.mariejeanneofficiel.com<\/a> The information appearing on the <a href=\"https:\/\/www.mariejeanneofficiel.com\">www.mariejeanneofficiel.com<\/a>\u00a0ne sont pas exhaustifs. is not exhaustive. It is given subject to modifications that have been made since it was put online. Furthermore, all the information indicated on the website is given for information only, and is subject to change or evolution without notice.<\/p><h2><b>Contractual limitations on data :<\/b><\/h2><p>The information contained on this site is as accurate as possible and the site is updated at different times of the year, but may nevertheless contain inaccuracies or omissions. If you notice a gap, error or what appears to be a malfunction, please report it by email at<a href=\"mailto:contact@mariejeanneofficiel.com\"> contact@mariejeanneofficiel.com<\/a>, describing the problem as precisely as possible (page causing the problem, type of computer and browser used, etc.).<\/p><p>Any downloaded content is done at the user&#8217;s own risk and under his sole responsibility. Consequently, no liability can be accepted for any damage to the user&#8217;s computer or any loss of data resulting from downloading. In addition, the user of the site undertakes to access the site using recent, virus-free equipment and with a latest-generation, up-to-date browser.<\/p><p>The hypertext links set up within the framework of this website to other resources on the Internet do not engage the responsibility of\u00a0 <a style=\"font-size: 1rem;\" href=\"https:\/\/www.mariejeanneofficiel.com\">www.mariejeanneofficiel.com<\/a><span style=\"font-size: 1rem;\">.<\/span><\/p><h2><b>Intellectual property :<\/b><\/h2><p>All the content of the present site <a href=\"https:\/\/www.mariejeanneofficiel.com\">\u00a0www.mariejeanneofficiel.com<\/a>,<\/p><p>including, but not limited to, graphics, images, text, videos, animations, sounds, logos, gifs and icons as well as their formatting are protected by intellectual property.<\/p><p>Photographs: Unsplash, Marie Jeanne Officiel, No\u00ebllie Jacquot-Portefaix, Michel Adam<\/p><p>Texts : Marie Jeanne Officiel &amp; Marie Reche<\/p><p>Any reproduction, distribution, modification, adaptation, retransmission or publication, even partial, of these various elements is strictly forbidden without the express written consent of Marie Jeanne Officiel. This representation or reproduction, by any process whatsoever, constitutes an infringement punishable by articles L.335-2 and following of the Intellectual Property Code. Failure to comply with this prohibition constitutes an infringement which may result in the civil and criminal liability of the counterfeiter. In addition, the owners of the copied contents could take legal action against you.<\/p><h2><b>Personal data :<\/b><\/h2><p>In France, personal data is notably protected by law n\u00b0 78-87 of 6 January 1978, law n\u00b0 2004-801 of 6 August 2004, article L. 226-13 of the Penal Code and the European Directive of 24 October 1995.<\/p><p>When using the <a style=\"font-size: 1rem;\" href=\"https:\/\/www.mariejeanneofficiel.com\">www.mariejeanneofficiel.com<\/a><span style=\"font-size: 1rem;\">, site, the following may be collected: the URL of the links through which the user accessed the <\/span><a style=\"font-size: 1rem;\" href=\"https:\/\/www.mariejeanneofficiel.com\">www.mariejeanneofficiel.com<\/a><span style=\"font-size: 1rem;\">, the user&#8217;s access provider, the user&#8217;s Internet Protocol (IP) address.<\/span><\/p><p>In any event, the website only collects personal information relating to the user for the purpose of certain services offered by the site<a href=\"https:\/\/www.mariejeanneofficiel.com\"> \u00a0www.mariejeanneofficiel.com<\/a>. The user provides this information with full knowledge of the facts, in particular when he\/she enters it himself\/herself. It is then specified to the user of the site whether or not they are obliged to provide this information.<\/p><p>In accordance with the provisions of articles 38 and following of law 78-17 of 6 January 1978 relating to data processing, files and liberties, all users have the right to access, rectify and oppose personal data concerning them, by making their request in writing and signed, accompanied by a copy of the identity document with the signature of the holder of the document, specifying the address to which the reply should be sent.<\/p><p>No personal information of the user of <a href=\"https:\/\/www.mariejeanneofficiel.com\">www.mariejeanneofficiel.com<\/a> s published without the user&#8217;s knowledge, exchanged, transferred, ceded or sold on any medium whatsoever to third parties. Only the hypothesis of the purchase of Marie Jeanne Officiel\u00a0and her rights would allow the transmission of the said information to the potential purchaser who would in turn be bound by the same obligation of conservation and modification of the data with regard to the user of the site <a href=\"https:\/\/www.mariejeanneofficiel.com\">www.mariejeanneofficiel.com<\/a>.<\/p><p>The site is not declared to the CNIL as it does not collect personal information.<\/p><p>The databases are protected by the provisions of the law of 1 July 1998 transposing directive 96\/9 of 11 March 1996 on the legal protection of databases.<\/p><h2><b>Disputes :<\/b><\/h2><p>The present terms and conditions of the <a href=\"https:\/\/mariejeanneofficiel.com\/\">www.mariejeanneofficiel.com<\/a> website are governed by French law and any dispute or litigation that may arise from the interpretation or execution of these terms and conditions will be the exclusive competence of the courts to which the company&#8217;s registered office belongs. The language of reference, for the settlement of any disputes, is French.<\/p><\/div>\t\t\t\t\t\t\t\t<\/div>\n\t\t\t\t<\/div>\n\t\t\t\t<div class=\"elementor-element elementor-element-2fa6ad3 elementor-widget elementor-widget-spacer\" data-id=\"2fa6ad3\" data-element_type=\"widget\" data-e-type=\"widget\" data-widget_type=\"spacer.default\">\n\t\t\t\t<div class=\"elementor-widget-container\">\n\t\t\t\t\t\t\t<div class=\"elementor-spacer\">\n\t\t\t<div class=\"elementor-spacer-inner\"><\/div>\n\t\t<\/div>\n\t\t\t\t\t\t<\/div>\n\t\t\t\t<\/div>\n\t\t\t\t\t<\/div>\n\t\t<\/div>\n\t\t\t\t\t<\/div>\n\t\t<\/section>\n\t\t\t\t<\/div>\n\t\t","protected":false},"excerpt":{"rendered":"<p>Legal Notice Please read carefully the various terms and conditions of use of this site before browsing its pages. By logging on to this site, you accept these terms and conditions without reservation. Also, in accordance with article n\u00b06 of Law n\u00b02004-575 of 21 June 2004 for confidence in the digital economy, the persons in &hellip; <\/p>\n<p class=\"link-more\"><a href=\"https:\/\/mariejeanneofficiel.com\/en\/legal-notice\/\" class=\"more-link\">Continue reading<span class=\"screen-reader-text\"> &#8220;Legal Notice&#8221;<\/span><\/a><\/p>\n","protected":false},"author":1,"featured_media":0,"parent":0,"menu_order":0,"comment_status":"closed","ping_status":"closed","template":"elementor_header_footer","meta":{"footnotes":""},"class_list":["post-1491","page","type-page","status-publish","hentry"],"yoast_head":"<!-- This site is optimized with the Yoast SEO plugin v26.8 - https:\/\/yoast.com\/product\/yoast-seo-wordpress\/ -->\n<title>Legal Notice - Marie Jeanne Officiel<\/title>\n<meta name=\"robots\" content=\"index, follow, max-snippet:-1, max-image-preview:large, max-video-preview:-1\" \/>\n<link rel=\"canonical\" href=\"https:\/\/mariejeanneofficiel.com\/en\/legal-notice\/\" \/>\n<meta property=\"og:locale\" content=\"en_US\" \/>\n<meta property=\"og:type\" content=\"article\" \/>\n<meta property=\"og:title\" content=\"Legal Notice - Marie Jeanne Officiel\" \/>\n<meta property=\"og:description\" content=\"Legal Notice Please read carefully the various terms and conditions of use of this site before browsing its pages. By logging on to this site, you accept these terms and conditions without reservation. Also, in accordance with article n\u00b06 of Law n\u00b02004-575 of 21 June 2004 for confidence in the digital economy, the persons in &hellip; Continue reading &quot;Legal Notice&quot;\" \/>\n<meta property=\"og:url\" content=\"https:\/\/mariejeanneofficiel.com\/en\/legal-notice\/\" \/>\n<meta property=\"og:site_name\" content=\"Marie Jeanne Officiel\" \/>\n<meta property=\"article:modified_time\" content=\"2025-03-17T13:38:26+00:00\" \/>\n<meta name=\"twitter:card\" content=\"summary_large_image\" \/>\n<meta name=\"twitter:label1\" content=\"Est. reading time\" \/>\n\t<meta name=\"twitter:data1\" content=\"7 minutes\" \/>\n<script type=\"application\/ld+json\" class=\"yoast-schema-graph\">{\"@context\":\"https:\/\/schema.org\",\"@graph\":[{\"@type\":\"WebPage\",\"@id\":\"https:\/\/mariejeanneofficiel.com\/en\/legal-notice\/\",\"url\":\"https:\/\/mariejeanneofficiel.com\/en\/legal-notice\/\",\"name\":\"Legal Notice - Marie Jeanne Officiel\",\"isPartOf\":{\"@id\":\"https:\/\/mariejeanneofficiel.com\/#website\"},\"datePublished\":\"2020-11-02T13:25:53+00:00\",\"dateModified\":\"2025-03-17T13:38:26+00:00\",\"breadcrumb\":{\"@id\":\"https:\/\/mariejeanneofficiel.com\/en\/legal-notice\/#breadcrumb\"},\"inLanguage\":\"en-US\",\"potentialAction\":[{\"@type\":\"ReadAction\",\"target\":[\"https:\/\/mariejeanneofficiel.com\/en\/legal-notice\/\"]}]},{\"@type\":\"BreadcrumbList\",\"@id\":\"https:\/\/mariejeanneofficiel.com\/en\/legal-notice\/#breadcrumb\",\"itemListElement\":[{\"@type\":\"ListItem\",\"position\":1,\"name\":\"Accueil\",\"item\":\"https:\/\/mariejeanneofficiel.com\/en\/\"},{\"@type\":\"ListItem\",\"position\":2,\"name\":\"Legal Notice\"}]},{\"@type\":\"WebSite\",\"@id\":\"https:\/\/mariejeanneofficiel.com\/#website\",\"url\":\"https:\/\/mariejeanneofficiel.com\/\",\"name\":\"Marie Jeanne Officiel\",\"description\":\"Site officiel de l&#039;artiste Marie Jeanne, chanteuse, autrice et compositrice\",\"publisher\":{\"@id\":\"https:\/\/mariejeanneofficiel.com\/#organization\"},\"potentialAction\":[{\"@type\":\"SearchAction\",\"target\":{\"@type\":\"EntryPoint\",\"urlTemplate\":\"https:\/\/mariejeanneofficiel.com\/?s={search_term_string}\"},\"query-input\":{\"@type\":\"PropertyValueSpecification\",\"valueRequired\":true,\"valueName\":\"search_term_string\"}}],\"inLanguage\":\"en-US\"},{\"@type\":\"Organization\",\"@id\":\"https:\/\/mariejeanneofficiel.com\/#organization\",\"name\":\"Marie Jeanne Officiel\",\"url\":\"https:\/\/mariejeanneofficiel.com\/\",\"logo\":{\"@type\":\"ImageObject\",\"inLanguage\":\"en-US\",\"@id\":\"https:\/\/mariejeanneofficiel.com\/#\/schema\/logo\/image\/\",\"url\":\"https:\/\/mariejeanneofficiel.com\/wp-content\/uploads\/2025\/03\/cropped-IMG-20250317-WA0000.jpg\",\"contentUrl\":\"https:\/\/mariejeanneofficiel.com\/wp-content\/uploads\/2025\/03\/cropped-IMG-20250317-WA0000.jpg\",\"width\":512,\"height\":512,\"caption\":\"Marie Jeanne Officiel\"},\"image\":{\"@id\":\"https:\/\/mariejeanneofficiel.com\/#\/schema\/logo\/image\/\"},\"sameAs\":[\"https:\/\/www.youtube.com\/@mariejeanneofficiel\"]}]}<\/script>\n<!-- \/ Yoast SEO plugin. -->","yoast_head_json":{"title":"Legal Notice - Marie Jeanne Officiel","robots":{"index":"index","follow":"follow","max-snippet":"max-snippet:-1","max-image-preview":"max-image-preview:large","max-video-preview":"max-video-preview:-1"},"canonical":"https:\/\/mariejeanneofficiel.com\/en\/legal-notice\/","og_locale":"en_US","og_type":"article","og_title":"Legal Notice - Marie Jeanne Officiel","og_description":"Legal Notice Please read carefully the various terms and conditions of use of this site before browsing its pages. By logging on to this site, you accept these terms and conditions without reservation. Also, in accordance with article n\u00b06 of Law n\u00b02004-575 of 21 June 2004 for confidence in the digital economy, the persons in &hellip; Continue reading \"Legal Notice\"","og_url":"https:\/\/mariejeanneofficiel.com\/en\/legal-notice\/","og_site_name":"Marie Jeanne Officiel","article_modified_time":"2025-03-17T13:38:26+00:00","twitter_card":"summary_large_image","twitter_misc":{"Est. reading time":"7 minutes"},"schema":{"@context":"https:\/\/schema.org","@graph":[{"@type":"WebPage","@id":"https:\/\/mariejeanneofficiel.com\/en\/legal-notice\/","url":"https:\/\/mariejeanneofficiel.com\/en\/legal-notice\/","name":"Legal Notice - Marie Jeanne Officiel","isPartOf":{"@id":"https:\/\/mariejeanneofficiel.com\/#website"},"datePublished":"2020-11-02T13:25:53+00:00","dateModified":"2025-03-17T13:38:26+00:00","breadcrumb":{"@id":"https:\/\/mariejeanneofficiel.com\/en\/legal-notice\/#breadcrumb"},"inLanguage":"en-US","potentialAction":[{"@type":"ReadAction","target":["https:\/\/mariejeanneofficiel.com\/en\/legal-notice\/"]}]},{"@type":"BreadcrumbList","@id":"https:\/\/mariejeanneofficiel.com\/en\/legal-notice\/#breadcrumb","itemListElement":[{"@type":"ListItem","position":1,"name":"Accueil","item":"https:\/\/mariejeanneofficiel.com\/en\/"},{"@type":"ListItem","position":2,"name":"Legal Notice"}]},{"@type":"WebSite","@id":"https:\/\/mariejeanneofficiel.com\/#website","url":"https:\/\/mariejeanneofficiel.com\/","name":"Marie Jeanne Officiel","description":"Site officiel de l&#039;artiste Marie Jeanne, chanteuse, autrice et compositrice","publisher":{"@id":"https:\/\/mariejeanneofficiel.com\/#organization"},"potentialAction":[{"@type":"SearchAction","target":{"@type":"EntryPoint","urlTemplate":"https:\/\/mariejeanneofficiel.com\/?s={search_term_string}"},"query-input":{"@type":"PropertyValueSpecification","valueRequired":true,"valueName":"search_term_string"}}],"inLanguage":"en-US"},{"@type":"Organization","@id":"https:\/\/mariejeanneofficiel.com\/#organization","name":"Marie Jeanne Officiel","url":"https:\/\/mariejeanneofficiel.com\/","logo":{"@type":"ImageObject","inLanguage":"en-US","@id":"https:\/\/mariejeanneofficiel.com\/#\/schema\/logo\/image\/","url":"https:\/\/mariejeanneofficiel.com\/wp-content\/uploads\/2025\/03\/cropped-IMG-20250317-WA0000.jpg","contentUrl":"https:\/\/mariejeanneofficiel.com\/wp-content\/uploads\/2025\/03\/cropped-IMG-20250317-WA0000.jpg","width":512,"height":512,"caption":"Marie Jeanne Officiel"},"image":{"@id":"https:\/\/mariejeanneofficiel.com\/#\/schema\/logo\/image\/"},"sameAs":["https:\/\/www.youtube.com\/@mariejeanneofficiel"]}]}},"_links":{"self":[{"href":"https:\/\/mariejeanneofficiel.com\/en\/wp-json\/wp\/v2\/pages\/1491","targetHints":{"allow":["GET"]}}],"collection":[{"href":"https:\/\/mariejeanneofficiel.com\/en\/wp-json\/wp\/v2\/pages"}],"about":[{"href":"https:\/\/mariejeanneofficiel.com\/en\/wp-json\/wp\/v2\/types\/page"}],"author":[{"embeddable":true,"href":"https:\/\/mariejeanneofficiel.com\/en\/wp-json\/wp\/v2\/users\/1"}],"replies":[{"embeddable":true,"href":"https:\/\/mariejeanneofficiel.com\/en\/wp-json\/wp\/v2\/comments?post=1491"}],"version-history":[{"count":7,"href":"https:\/\/mariejeanneofficiel.com\/en\/wp-json\/wp\/v2\/pages\/1491\/revisions"}],"predecessor-version":[{"id":4055,"href":"https:\/\/mariejeanneofficiel.com\/en\/wp-json\/wp\/v2\/pages\/1491\/revisions\/4055"}],"wp:attachment":[{"href":"https:\/\/mariejeanneofficiel.com\/en\/wp-json\/wp\/v2\/media?parent=1491"}],"curies":[{"name":"wp","href":"https:\/\/api.w.org\/{rel}","templated":true}]}}