{"id":4530,"date":"2025-03-18T09:16:19","date_gmt":"2025-03-18T08:16:19","guid":{"rendered":"https:\/\/mariejeanneofficiel.com\/?page_id=4530"},"modified":"2025-03-18T10:19:17","modified_gmt":"2025-03-18T09:19:17","slug":"home","status":"publish","type":"page","link":"https:\/\/mariejeanneofficiel.com\/en\/","title":{"rendered":"Home"},"content":{"rendered":"\t\t<div data-elementor-type=\"wp-page\" data-elementor-id=\"4530\" class=\"elementor elementor-4530\" data-elementor-post-type=\"page\">\n\t\t\t\t\t\t<section class=\"has_eae_slider elementor-section elementor-top-section elementor-element elementor-element-1764b38 elementor-section-full_width elementor-section-content-middle elementor-section-height-default elementor-section-height-default\" data-id=\"1764b38\" data-element_type=\"section\" data-e-type=\"section\" data-settings=\"{&quot;background_background&quot;:&quot;classic&quot;}\">\n\t\t\t\t\t\t<div class=\"elementor-container elementor-column-gap-default\">\n\t\t\t\t\t<div class=\"has_eae_slider elementor-column elementor-col-100 elementor-top-column elementor-element elementor-element-f456cae elementor-invisible\" data-id=\"f456cae\" data-element_type=\"column\" data-e-type=\"column\" id=\"marie-jeanne\" data-settings=\"{&quot;background_background&quot;:&quot;classic&quot;,&quot;animation&quot;:&quot;fadeInRight&quot;}\">\n\t\t\t<div class=\"elementor-widget-wrap elementor-element-populated\">\n\t\t\t\t\t<div class=\"elementor-background-overlay\"><\/div>\n\t\t\t\t\t\t<div class=\"elementor-element elementor-element-d678ac7 elementor-invisible elementor-widget elementor-widget-heading\" data-id=\"d678ac7\" data-element_type=\"widget\" data-e-type=\"widget\" data-settings=\"{&quot;_animation&quot;:&quot;fadeIn&quot;}\" data-widget_type=\"heading.default\">\n\t\t\t\t<div class=\"elementor-widget-container\">\n\t\t\t\t\t<h2 class=\"elementor-heading-title elementor-size-default\">Marie Jeanne Officiel<\/h2>\t\t\t\t<\/div>\n\t\t\t\t<\/div>\n\t\t\t\t<div class=\"elementor-element elementor-element-8e45efc elementor-widget-divider--view-line elementor-invisible elementor-widget elementor-widget-divider\" data-id=\"8e45efc\" data-element_type=\"widget\" data-e-type=\"widget\" data-settings=\"{&quot;_animation&quot;:&quot;fadeIn&quot;}\" data-widget_type=\"divider.default\">\n\t\t\t\t<div class=\"elementor-widget-container\">\n\t\t\t\t\t\t\t<div class=\"elementor-divider\">\n\t\t\t<span class=\"elementor-divider-separator\">\n\t\t\t\t\t\t<\/span>\n\t\t<\/div>\n\t\t\t\t\t\t<\/div>\n\t\t\t\t<\/div>\n\t\t\t\t<div class=\"elementor-element elementor-element-8b52cc1 elementor-widget__width-initial elementor-widget-mobile__width-initial elementor-invisible elementor-widget elementor-widget-text-editor\" data-id=\"8b52cc1\" data-element_type=\"widget\" data-e-type=\"widget\" data-settings=\"{&quot;_animation&quot;:&quot;fadeIn&quot;}\" data-widget_type=\"text-editor.default\">\n\t\t\t\t<div class=\"elementor-widget-container\">\n\t\t\t\t\t\t\t\t\t<p data-start=\"28\" data-end=\"108\">My name is Marie Jeanne, and I am a singer based in H\u00e9rault, near Montpellier.<\/p><p data-start=\"28\" data-end=\"108\">I have been passionate about French chanson since childhood, but my influences are diverse! Music is my guide, and I discover myself a little more each day through it.<\/p><p data-start=\"281\" data-end=\"479\" data-is-last-node=\"\" data-is-only-node=\"\">Here, I present my world, my collaborations, my creations, and my productions. I sincerely appreciate the attention you give to my work and to the artists I have the privilege of collaborating with.<\/p>\t\t\t\t\t\t\t\t<\/div>\n\t\t\t\t<\/div>\n\t\t\t\t<div class=\"elementor-element elementor-element-53b0e10 elementor-widget elementor-widget-spacer\" data-id=\"53b0e10\" data-element_type=\"widget\" data-e-type=\"widget\" data-widget_type=\"spacer.default\">\n\t\t\t\t<div class=\"elementor-widget-container\">\n\t\t\t\t\t\t\t<div class=\"elementor-spacer\">\n\t\t\t<div class=\"elementor-spacer-inner\"><\/div>\n\t\t<\/div>\n\t\t\t\t\t\t<\/div>\n\t\t\t\t<\/div>\n\t\t\t\t<div class=\"elementor-element elementor-element-df86e86 elementor-widget elementor-widget-text-editor\" data-id=\"df86e86\" data-element_type=\"widget\" data-e-type=\"widget\" data-widget_type=\"text-editor.default\">\n\t\t\t\t<div class=\"elementor-widget-container\">\n\t\t\t\t\t\t\t\t\t<p>Marie Jeanne<\/p>\t\t\t\t\t\t\t\t<\/div>\n\t\t\t\t<\/div>\n\t\t\t\t<div class=\"elementor-element elementor-element-37eecbb elementor-invisible elementor-widget elementor-widget-eael-creative-button\" data-id=\"37eecbb\" data-element_type=\"widget\" data-e-type=\"widget\" data-settings=\"{&quot;_animation&quot;:&quot;fadeInUp&quot;}\" data-widget_type=\"eael-creative-button.default\">\n\t\t\t\t<div class=\"elementor-widget-container\">\n\t\t\t\t\t        <div class=\"eael-creative-button-wrapper\">\n\n            <a class=\"eael-creative-button eael-creative-button--wayra eael-cb-icon-position-\" href=\"https:\/\/www.youtube.com\/@mariejeanneofficiel\" target=\"_blank\" data-text=\"Go!\">\n            \t    \n                <div class=\"creative-button-inner\">\n\n                    \n                    <span class=\"cretive-button-text\">Discover<\/span>\n\n                                    <\/div>\n\t                        <\/a>\n        <\/div>\n        \t\t\t\t<\/div>\n\t\t\t\t<\/div>\n\t\t\t\t\t<\/div>\n\t\t<\/div>\n\t\t\t\t\t<\/div>\n\t\t<\/section>\n\t\t\t\t<section class=\"has_eae_slider elementor-section elementor-top-section elementor-element elementor-element-9f913e5 elementor-section-full_width elementor-section-stretched elementor-section-height-default elementor-section-height-default\" data-id=\"9f913e5\" data-element_type=\"section\" data-e-type=\"section\" data-settings=\"{&quot;background_background&quot;:&quot;classic&quot;,&quot;stretch_section&quot;:&quot;section-stretched&quot;}\">\n\t\t\t\t\t\t\t<div class=\"elementor-background-overlay\"><\/div>\n\t\t\t\t\t\t\t<div class=\"elementor-container elementor-column-gap-default\">\n\t\t\t\t\t<div class=\"has_eae_slider elementor-column elementor-col-100 elementor-top-column elementor-element elementor-element-0526e40\" data-id=\"0526e40\" data-element_type=\"column\" data-e-type=\"column\">\n\t\t\t<div class=\"elementor-widget-wrap elementor-element-populated\">\n\t\t\t\t\t\t<div class=\"elementor-element elementor-element-51daca8 elementor-widget elementor-widget-spacer\" data-id=\"51daca8\" data-element_type=\"widget\" data-e-type=\"widget\" data-widget_type=\"spacer.default\">\n\t\t\t\t<div class=\"elementor-widget-container\">\n\t\t\t\t\t\t\t<div class=\"elementor-spacer\">\n\t\t\t<div class=\"elementor-spacer-inner\"><\/div>\n\t\t<\/div>\n\t\t\t\t\t\t<\/div>\n\t\t\t\t<\/div>\n\t\t\t\t<section class=\"has_eae_slider elementor-section elementor-inner-section elementor-element elementor-element-47e15b3 elementor-section-full_width elementor-section-height-default elementor-section-height-default\" data-id=\"47e15b3\" data-element_type=\"section\" data-e-type=\"section\">\n\t\t\t\t\t\t<div class=\"elementor-container elementor-column-gap-default\">\n\t\t\t\t\t<div class=\"has_eae_slider elementor-column elementor-col-33 elementor-inner-column elementor-element elementor-element-a3cbd9c\" data-id=\"a3cbd9c\" data-element_type=\"column\" data-e-type=\"column\">\n\t\t\t<div class=\"elementor-widget-wrap\">\n\t\t\t\t\t\t\t<\/div>\n\t\t<\/div>\n\t\t\t\t<div class=\"has_eae_slider elementor-column elementor-col-33 elementor-inner-column elementor-element elementor-element-bff684e\" data-id=\"bff684e\" data-element_type=\"column\" data-e-type=\"column\">\n\t\t\t<div class=\"elementor-widget-wrap elementor-element-populated\">\n\t\t\t\t\t\t<div class=\"elementor-element elementor-element-f6620bb elementor-invisible elementor-widget elementor-widget-text-editor\" data-id=\"f6620bb\" data-element_type=\"widget\" data-e-type=\"widget\" data-settings=\"{&quot;_animation&quot;:&quot;fadeInDown&quot;}\" data-widget_type=\"text-editor.default\">\n\t\t\t\t<div class=\"elementor-widget-container\">\n\t\t\t\t\t\t\t\t\t<p>&#8220;Faites que le r\u00eave d\u00e9vore votre vie afin que la vie ne d\u00e9vore pas votre r\u00eave&#8221;<\/p>\t\t\t\t\t\t\t\t<\/div>\n\t\t\t\t<\/div>\n\t\t\t\t<div class=\"elementor-element elementor-element-c1b6fa5 elementor-widget elementor-widget-spacer\" data-id=\"c1b6fa5\" data-element_type=\"widget\" data-e-type=\"widget\" data-widget_type=\"spacer.default\">\n\t\t\t\t<div class=\"elementor-widget-container\">\n\t\t\t\t\t\t\t<div class=\"elementor-spacer\">\n\t\t\t<div class=\"elementor-spacer-inner\"><\/div>\n\t\t<\/div>\n\t\t\t\t\t\t<\/div>\n\t\t\t\t<\/div>\n\t\t\t\t<div class=\"elementor-element elementor-element-39d5147 elementor-invisible elementor-widget elementor-widget-text-editor\" data-id=\"39d5147\" data-element_type=\"widget\" data-e-type=\"widget\" data-settings=\"{&quot;_animation&quot;:&quot;fadeInUp&quot;}\" data-widget_type=\"text-editor.default\">\n\t\t\t\t<div class=\"elementor-widget-container\">\n\t\t\t\t\t\t\t\t\t<p>Antoine de Saint-Exup\u00e9ry<\/p>\t\t\t\t\t\t\t\t<\/div>\n\t\t\t\t<\/div>\n\t\t\t\t\t<\/div>\n\t\t<\/div>\n\t\t\t\t<div class=\"has_eae_slider elementor-column elementor-col-33 elementor-inner-column elementor-element elementor-element-f64023a\" data-id=\"f64023a\" data-element_type=\"column\" data-e-type=\"column\">\n\t\t\t<div class=\"elementor-widget-wrap\">\n\t\t\t\t\t\t\t<\/div>\n\t\t<\/div>\n\t\t\t\t\t<\/div>\n\t\t<\/section>\n\t\t\t\t<div class=\"elementor-element elementor-element-c8f9381 elementor-widget elementor-widget-spacer\" data-id=\"c8f9381\" data-element_type=\"widget\" data-e-type=\"widget\" data-widget_type=\"spacer.default\">\n\t\t\t\t<div class=\"elementor-widget-container\">\n\t\t\t\t\t\t\t<div class=\"elementor-spacer\">\n\t\t\t<div class=\"elementor-spacer-inner\"><\/div>\n\t\t<\/div>\n\t\t\t\t\t\t<\/div>\n\t\t\t\t<\/div>\n\t\t\t\t\t<\/div>\n\t\t<\/div>\n\t\t\t\t\t<\/div>\n\t\t<\/section>\n\t\t\t\t<\/div>\n\t\t","protected":false},"excerpt":{"rendered":"<p>Marie Jeanne Officiel My name is Marie Jeanne, and I am a singer based in H\u00e9rault, near Montpellier. I have been passionate about French chanson since childhood, but my influences are diverse! Music is my guide, and I discover myself a little more each day through it. Here, I present my world, my collaborations, my &hellip; <\/p>\n<p class=\"link-more\"><a href=\"https:\/\/mariejeanneofficiel.com\/en\/\" class=\"more-link\">Continue reading<span class=\"screen-reader-text\"> &#8220;Home&#8221;<\/span><\/a><\/p>\n","protected":false},"author":1,"featured_media":0,"parent":0,"menu_order":0,"comment_status":"closed","ping_status":"closed","template":"elementor_header_footer","meta":{"footnotes":""},"class_list":["post-4530","page","type-page","status-publish","hentry"],"yoast_head":"<!-- This site is optimized with the Yoast SEO plugin v26.8 - https:\/\/yoast.com\/product\/yoast-seo-wordpress\/ -->\n<title>Home - Marie Jeanne Officiel<\/title>\n<meta name=\"description\" content=\"Welcome to my world! My name is Marie Jeanne, and I am a singer based in H\u00e9rault, near Montpellier. I have been passionate about French chanson since childhood, but my influences are diverse! Music is my guide, and I discover myself a little more each day through it.\" \/>\n<meta name=\"robots\" content=\"index, follow, max-snippet:-1, max-image-preview:large, max-video-preview:-1\" \/>\n<link rel=\"canonical\" href=\"https:\/\/mariejeanneofficiel.com\/en\/\" \/>\n<meta property=\"og:locale\" content=\"en_US\" \/>\n<meta property=\"og:type\" content=\"article\" \/>\n<meta property=\"og:title\" content=\"Home - Marie Jeanne Officiel\" \/>\n<meta property=\"og:description\" content=\"Welcome to my world! My name is Marie Jeanne, and I am a singer based in H\u00e9rault, near Montpellier. I have been passionate about French chanson since childhood, but my influences are diverse! Music is my guide, and I discover myself a little more each day through it.\" \/>\n<meta property=\"og:url\" content=\"https:\/\/mariejeanneofficiel.com\/en\/\" \/>\n<meta property=\"og:site_name\" content=\"Marie Jeanne Officiel\" \/>\n<meta property=\"article:modified_time\" content=\"2025-03-18T09:19:17+00:00\" \/>\n<meta name=\"twitter:card\" content=\"summary_large_image\" \/>\n<meta name=\"twitter:label1\" content=\"Est. reading time\" \/>\n\t<meta name=\"twitter:data1\" content=\"1 minute\" \/>\n<script type=\"application\/ld+json\" class=\"yoast-schema-graph\">{\"@context\":\"https:\/\/schema.org\",\"@graph\":[{\"@type\":\"WebPage\",\"@id\":\"https:\/\/mariejeanneofficiel.com\/en\/\",\"url\":\"https:\/\/mariejeanneofficiel.com\/en\/\",\"name\":\"Home - Marie Jeanne Officiel\",\"isPartOf\":{\"@id\":\"https:\/\/mariejeanneofficiel.com\/#website\"},\"datePublished\":\"2025-03-18T08:16:19+00:00\",\"dateModified\":\"2025-03-18T09:19:17+00:00\",\"description\":\"Welcome to my world! My name is Marie Jeanne, and I am a singer based in H\u00e9rault, near Montpellier. I have been passionate about French chanson since childhood, but my influences are diverse! Music is my guide, and I discover myself a little more each day through it.\",\"breadcrumb\":{\"@id\":\"https:\/\/mariejeanneofficiel.com\/en\/#breadcrumb\"},\"inLanguage\":\"en-US\",\"potentialAction\":[{\"@type\":\"ReadAction\",\"target\":[\"https:\/\/mariejeanneofficiel.com\/en\/\"]}]},{\"@type\":\"BreadcrumbList\",\"@id\":\"https:\/\/mariejeanneofficiel.com\/en\/#breadcrumb\",\"itemListElement\":[{\"@type\":\"ListItem\",\"position\":1,\"name\":\"Accueil\",\"item\":\"https:\/\/mariejeanneofficiel.com\/en\/\"},{\"@type\":\"ListItem\",\"position\":2,\"name\":\"Home\"}]},{\"@type\":\"WebSite\",\"@id\":\"https:\/\/mariejeanneofficiel.com\/#website\",\"url\":\"https:\/\/mariejeanneofficiel.com\/\",\"name\":\"Marie Jeanne Officiel\",\"description\":\"Site officiel de l&#039;artiste Marie Jeanne, chanteuse, autrice et compositrice\",\"publisher\":{\"@id\":\"https:\/\/mariejeanneofficiel.com\/#organization\"},\"potentialAction\":[{\"@type\":\"SearchAction\",\"target\":{\"@type\":\"EntryPoint\",\"urlTemplate\":\"https:\/\/mariejeanneofficiel.com\/?s={search_term_string}\"},\"query-input\":{\"@type\":\"PropertyValueSpecification\",\"valueRequired\":true,\"valueName\":\"search_term_string\"}}],\"inLanguage\":\"en-US\"},{\"@type\":\"Organization\",\"@id\":\"https:\/\/mariejeanneofficiel.com\/#organization\",\"name\":\"Marie Jeanne Officiel\",\"url\":\"https:\/\/mariejeanneofficiel.com\/\",\"logo\":{\"@type\":\"ImageObject\",\"inLanguage\":\"en-US\",\"@id\":\"https:\/\/mariejeanneofficiel.com\/#\/schema\/logo\/image\/\",\"url\":\"https:\/\/mariejeanneofficiel.com\/wp-content\/uploads\/2025\/03\/cropped-IMG-20250317-WA0000.jpg\",\"contentUrl\":\"https:\/\/mariejeanneofficiel.com\/wp-content\/uploads\/2025\/03\/cropped-IMG-20250317-WA0000.jpg\",\"width\":512,\"height\":512,\"caption\":\"Marie Jeanne Officiel\"},\"image\":{\"@id\":\"https:\/\/mariejeanneofficiel.com\/#\/schema\/logo\/image\/\"},\"sameAs\":[\"https:\/\/www.youtube.com\/@mariejeanneofficiel\"]}]}<\/script>\n<!-- \/ Yoast SEO plugin. -->","yoast_head_json":{"title":"Home - Marie Jeanne Officiel","description":"Welcome to my world! My name is Marie Jeanne, and I am a singer based in H\u00e9rault, near Montpellier. I have been passionate about French chanson since childhood, but my influences are diverse! Music is my guide, and I discover myself a little more each day through it.","robots":{"index":"index","follow":"follow","max-snippet":"max-snippet:-1","max-image-preview":"max-image-preview:large","max-video-preview":"max-video-preview:-1"},"canonical":"https:\/\/mariejeanneofficiel.com\/en\/","og_locale":"en_US","og_type":"article","og_title":"Home - Marie Jeanne Officiel","og_description":"Welcome to my world! My name is Marie Jeanne, and I am a singer based in H\u00e9rault, near Montpellier. I have been passionate about French chanson since childhood, but my influences are diverse! Music is my guide, and I discover myself a little more each day through it.","og_url":"https:\/\/mariejeanneofficiel.com\/en\/","og_site_name":"Marie Jeanne Officiel","article_modified_time":"2025-03-18T09:19:17+00:00","twitter_card":"summary_large_image","twitter_misc":{"Est. reading time":"1 minute"},"schema":{"@context":"https:\/\/schema.org","@graph":[{"@type":"WebPage","@id":"https:\/\/mariejeanneofficiel.com\/en\/","url":"https:\/\/mariejeanneofficiel.com\/en\/","name":"Home - Marie Jeanne Officiel","isPartOf":{"@id":"https:\/\/mariejeanneofficiel.com\/#website"},"datePublished":"2025-03-18T08:16:19+00:00","dateModified":"2025-03-18T09:19:17+00:00","description":"Welcome to my world! My name is Marie Jeanne, and I am a singer based in H\u00e9rault, near Montpellier. I have been passionate about French chanson since childhood, but my influences are diverse! Music is my guide, and I discover myself a little more each day through it.","breadcrumb":{"@id":"https:\/\/mariejeanneofficiel.com\/en\/#breadcrumb"},"inLanguage":"en-US","potentialAction":[{"@type":"ReadAction","target":["https:\/\/mariejeanneofficiel.com\/en\/"]}]},{"@type":"BreadcrumbList","@id":"https:\/\/mariejeanneofficiel.com\/en\/#breadcrumb","itemListElement":[{"@type":"ListItem","position":1,"name":"Accueil","item":"https:\/\/mariejeanneofficiel.com\/en\/"},{"@type":"ListItem","position":2,"name":"Home"}]},{"@type":"WebSite","@id":"https:\/\/mariejeanneofficiel.com\/#website","url":"https:\/\/mariejeanneofficiel.com\/","name":"Marie Jeanne Officiel","description":"Site officiel de l&#039;artiste Marie Jeanne, chanteuse, autrice et compositrice","publisher":{"@id":"https:\/\/mariejeanneofficiel.com\/#organization"},"potentialAction":[{"@type":"SearchAction","target":{"@type":"EntryPoint","urlTemplate":"https:\/\/mariejeanneofficiel.com\/?s={search_term_string}"},"query-input":{"@type":"PropertyValueSpecification","valueRequired":true,"valueName":"search_term_string"}}],"inLanguage":"en-US"},{"@type":"Organization","@id":"https:\/\/mariejeanneofficiel.com\/#organization","name":"Marie Jeanne Officiel","url":"https:\/\/mariejeanneofficiel.com\/","logo":{"@type":"ImageObject","inLanguage":"en-US","@id":"https:\/\/mariejeanneofficiel.com\/#\/schema\/logo\/image\/","url":"https:\/\/mariejeanneofficiel.com\/wp-content\/uploads\/2025\/03\/cropped-IMG-20250317-WA0000.jpg","contentUrl":"https:\/\/mariejeanneofficiel.com\/wp-content\/uploads\/2025\/03\/cropped-IMG-20250317-WA0000.jpg","width":512,"height":512,"caption":"Marie Jeanne Officiel"},"image":{"@id":"https:\/\/mariejeanneofficiel.com\/#\/schema\/logo\/image\/"},"sameAs":["https:\/\/www.youtube.com\/@mariejeanneofficiel"]}]}},"_links":{"self":[{"href":"https:\/\/mariejeanneofficiel.com\/en\/wp-json\/wp\/v2\/pages\/4530","targetHints":{"allow":["GET"]}}],"collection":[{"href":"https:\/\/mariejeanneofficiel.com\/en\/wp-json\/wp\/v2\/pages"}],"about":[{"href":"https:\/\/mariejeanneofficiel.com\/en\/wp-json\/wp\/v2\/types\/page"}],"author":[{"embeddable":true,"href":"https:\/\/mariejeanneofficiel.com\/en\/wp-json\/wp\/v2\/users\/1"}],"replies":[{"embeddable":true,"href":"https:\/\/mariejeanneofficiel.com\/en\/wp-json\/wp\/v2\/comments?post=4530"}],"version-history":[{"count":13,"href":"https:\/\/mariejeanneofficiel.com\/en\/wp-json\/wp\/v2\/pages\/4530\/revisions"}],"predecessor-version":[{"id":4568,"href":"https:\/\/mariejeanneofficiel.com\/en\/wp-json\/wp\/v2\/pages\/4530\/revisions\/4568"}],"wp:attachment":[{"href":"https:\/\/mariejeanneofficiel.com\/en\/wp-json\/wp\/v2\/media?parent=4530"}],"curies":[{"name":"wp","href":"https:\/\/api.w.org\/{rel}","templated":true}]}}